{"id":3,"date":"2022-03-28T13:46:08","date_gmt":"2022-03-28T18:46:08","guid":{"rendered":"https:\/\/mediapraxis.net\/?page_id=3"},"modified":"2023-09-13T17:06:30","modified_gmt":"2023-09-13T22:06:30","slug":"politica-privacidad","status":"publish","type":"page","link":"https:\/\/mediapraxis.net\/en\/politica-privacidad\/","title":{"rendered":"Pol\u00edtica de Privacidad"},"content":{"rendered":"<div data-elementor-type=\"wp-page\" data-elementor-id=\"3\" class=\"elementor elementor-3\">\n\t\t\t\t\t\t\t\t\t<section class=\"elementor-section elementor-top-section elementor-element elementor-element-6963672e elementor-section-boxed elementor-section-height-default elementor-section-height-default qodef-elementor-content-no\" data-id=\"6963672e\" data-element_type=\"section\">\n\t\t\t\t\t\t<div class=\"elementor-container elementor-column-gap-default\">\n\t\t\t\t\t<div class=\"elementor-column elementor-col-100 elementor-top-column elementor-element elementor-element-6cf60400\" data-id=\"6cf60400\" data-element_type=\"column\">\n\t\t\t<div class=\"elementor-widget-wrap elementor-element-populated\">\n\t\t\t\t\t\t\t\t<div class=\"elementor-element elementor-element-77e12e1 elementor-widget elementor-widget-text-editor\" data-id=\"77e12e1\" data-element_type=\"widget\" data-widget_type=\"text-editor.default\">\n\t\t\t\t<div class=\"elementor-widget-container\">\n\t\t\t<style>\/*! elementor - v3.15.0 - 09-08-2023 *\/\n.elementor-widget-text-editor.elementor-drop-cap-view-stacked .elementor-drop-cap{background-color:#69727d;color:#fff}.elementor-widget-text-editor.elementor-drop-cap-view-framed .elementor-drop-cap{color:#69727d;border:3px solid;background-color:transparent}.elementor-widget-text-editor:not(.elementor-drop-cap-view-default) .elementor-drop-cap{margin-top:8px}.elementor-widget-text-editor:not(.elementor-drop-cap-view-default) .elementor-drop-cap-letter{width:1em;height:1em}.elementor-widget-text-editor .elementor-drop-cap{float:left;text-align:center;line-height:1;font-size:50px}.elementor-widget-text-editor .elementor-drop-cap-letter{display:inline-block}<\/style>\t\t\t\t<h1 style=\"font-size: 50px;\">POL\u00cdTICA DE PROTECCI\u00d3N Y USO DE DATOS PERSONALES<\/h1>\n<p>De conformidad con la Ley No. 29733, Ley de Protecci\u00f3n de Datos Personales (\u201cLey\u201d) y su Reglamento, aprobado mediante Decreto Supremo No. 003-2013-JUS, el usuario declara que al facilitar sus datos en este sitio web est\u00e1 otorgando consentimiento expreso, consiente y voluntario a <strong><span style=\"color: #000000;\">MEDIA PRAXIS S.A.C.<\/span><\/strong> (en adelante <span style=\"color: #000000;\"><strong>MEDIA PRAXIS<\/strong><\/span>) para realizar el tratamiento y hacer uso de sus datos personales.<\/p>\n<p><strong><span style=\"color: #000000;\">MEDIA PRAXIS<\/span><\/strong> esta\u0301 comprometido con la seguridad de los datos de sus usuarios. Cuando le pedimos llenar los campos de informacio\u0301n personal con la cual usted pueda ser identificado, lo hacemos asegurando que so\u0301lo se empleara\u0301 de acuerdo con los te\u0301rminos de este documento. Sin embargo, esta Poli\u0301tica de Privacidad puede cambiar con el tiempo o ser actualizada, por lo que le recomendamos y enfatizamos revisar continuamente esta pa\u0301gina para asegurarse que esta\u0301 de acuerdo con dichos cambios.<\/p>\n<p><span style=\"color: #000000;\"><strong> MEDIA PRAXIS<\/strong><\/span> esta\u0301 altamente comprometido con mantener su informacio\u0301n segura. Usamos los sistemas ma\u0301s avanzados y los actualizamos constantemente para asegurarnos que no exista ningu\u0301n acceso no autorizado.<\/p>\n<h2 style=\"font-size: 35px;\">Uso de la informacio\u0301n recogida<\/h2>\n<p>Nuestro sitio web emplea la informacio\u0301n con el fin de proporcionar el mejor servicio posible, particularmente para mantener un registro de usuarios, de pedidos en caso que aplique, y mejorar nuestros productos y servicios. Es posible que sean enviados correos electro\u0301nicos perio\u0301dicamente a trave\u0301s de nuestro sitio con ofertas especiales, nuevos productos y otra informacio\u0301n publicitaria que consideremos relevante para usted o que pueda brindarle algu\u0301n beneficio, estos correos electro\u0301nicos sera\u0301n enviados a la direccio\u0301n que usted proporcione y podra\u0301n ser cancelados en cualquier momento.<\/p>\n<p>Asimismo, el usuario otorga su consentimiento a <strong><span style=\"color: #000000;\">MEDIA PRAXIS<\/span><\/strong> para que sus datos personales puedan ser transferidos a empresas vinculadas a <span style=\"color: #000000;\"><strong>MEDIA PRAXIS<\/strong><\/span> para su uso estrictamente comercial en los t\u00e9rminos y condiciones de seguridad y protecci\u00f3n previsto en la Ley y su Reglamento.<\/p>\n<p>Adicionalmente, el usuario otorga su consentimiento para que sus datos personales sean utilizados en la gesti\u00f3n comercial que realiza <span style=\"color: #000000;\"><strong>MEDIA PRAXIS<\/strong><\/span> y lo autoriza expresamente para que pueda remitirle informaci\u00f3n comercial y\/o publicitaria de la empresa o de los servicios y productos que ofrece (propuestas, boletines, invitaciones, noticias, informes, convocatorias, actividades, etc.) directamente o por medio de terceros a trav\u00e9s del tel\u00e9fono fijo o celular, direcci\u00f3n de correo electr\u00f3nico u otros medios que registre el usuario.<\/p>\n<p>Los datos personales proporcionados ser\u00e1n conservados por <span style=\"color: #000000;\"><strong>MEDIA PRAXIS<\/strong><\/span> mientras el usuario no solicite su cancelaci\u00f3n. El usuario puede revocar la autorizaci\u00f3n para el tratamiento de sus datos personales en cualquier momento, de conformidad con lo previsto en la Ley y su Reglamento. Para ejercer este derecho o cualquier otro previsto en dichas normas, el usuario deber\u00e1 enviar una comunicaci\u00f3n al correo electr\u00f3nico <span style=\"color: #000000;\"><strong><span style=\"text-decoration: underline;\"><a style=\"color: #000000; text-decoration: underline;\" href=\"mailto:marketing@mediapraxis.net\" target=\"_blank\" rel=\"noopener\">marketing@mediapraxis.net<\/a><\/span><\/strong><\/span><\/p>\n<h2 style=\"font-size: 35px;\">Cookies<\/h2>\n<p>Una cookie se refiere a un fichero que es enviado con la finalidad de solicitar permiso para almacenarse en su ordenador, al aceptar dicho fichero se crea y la cookie sirve entonces para tener informacio\u0301n respecto al tra\u0301fico web, y tambie\u0301n facilita las futuras visitas a una web recurrente. Otra funcio\u0301n que tienen las cookies es que con ellas las web pueden reconocerte individualmente y por tanto brindarle el mejor servicio personalizado de su web.<\/p>\n<p>Nuestro sitio web emplea las cookies para poder identificar las pa\u0301ginas que son visitadas y su frecuencia. Esta informacio\u0301n es empleada u\u0301nicamente para ana\u0301lisis estadi\u0301stico y despue\u0301s la informacio\u0301n se elimina de forma permanente. Usted puede eliminar las cookies en cualquier momento desde su ordenador. Sin embargo, las cookies ayudan a proporcionar un mejor servicio de los sitios web, esta\u0301s no dan acceso a informacio\u0301n de su ordenador ni de usted, a menos de que usted asi\u0301 lo quiera y la proporcione directamente. Usted puede aceptar o negar el uso de cookies, sin embargo, la mayori\u0301a de navegadores aceptan cookies automa\u0301ticamente pues sirve para tener un mejor servicio web. Tambie\u0301n usted puede cambiar la configuracio\u0301n de su ordenador para declinar las cookies. Si se declinan es posible que no pueda utilizar algunos de nuestros servicios.<\/p>\n<h2 style=\"font-size: 35px;\">Enlaces a Terceros<\/h2>\n<p>Este sitio web pudiera contener enlaces a otros sitios que pudieran ser de su intere\u0301s. Una vez que usted haga clic en estos enlaces y abandone nuestra pa\u0301gina, ya no tenemos control sobre al sitio al que es redirigido y por lo tanto no somos responsables de los te\u0301rminos o privacidad ni de la proteccio\u0301n de sus datos en esos otros sitios terceros. Dichos sitios esta\u0301n sujetos a sus propias poli\u0301ticas de privacidad por lo cual es recomendable que los consulte para confirmar que usted esta\u0301 de acuerdo con estas.<\/p>\t\t\t\t\t\t<\/div>\n\t\t\t\t<\/div>\n\t\t\t\t\t<\/div>\n\t\t<\/div>\n\t\t\t\t\t\t\t<\/div>\n\t\t<\/section>\n\t\t\t\t\t\t\t<\/div>","protected":false},"excerpt":{"rendered":"<p>POL\u00cdTICA DE PROTECCI\u00d3N Y USO DE DATOS PERSONALES De conformidad con la Ley No. 29733, Ley de Protecci\u00f3n de Datos Personales (\u201cLey\u201d) y su Reglamento, aprobado mediante Decreto Supremo No. 003-2013-JUS, el usuario declara que al facilitar sus datos en este sitio web est\u00e1 otorgando consentimiento expreso, consiente y voluntario a MEDIA PRAXIS S.A.C. (en [&hellip;]<\/p>","protected":false},"author":1,"featured_media":0,"parent":0,"menu_order":0,"comment_status":"closed","ping_status":"open","template":"","meta":{"_mi_skip_tracking":false,"_monsterinsights_sitenote_active":false,"_monsterinsights_sitenote_note":"","_monsterinsights_sitenote_category":0,"_joinchat":[],"footnotes":""},"class_list":["post-3","page","type-page","status-publish","hentry"],"yoast_head":"<!-- This site is optimized with the Yoast SEO plugin v21.1 - https:\/\/yoast.com\/wordpress\/plugins\/seo\/ -->\n<title>Pol\u00edtica de Privacidad - Media Praxis<\/title>\n<meta name=\"robots\" content=\"noindex, follow\" \/>\n<meta property=\"og:locale\" content=\"en_US\" \/>\n<meta property=\"og:type\" content=\"article\" \/>\n<meta property=\"og:title\" content=\"Pol\u00edtica de Privacidad - Media Praxis\" \/>\n<meta property=\"og:description\" content=\"POL\u00cdTICA DE PROTECCI\u00d3N Y USO DE DATOS PERSONALES De conformidad con la Ley No. 29733, Ley de Protecci\u00f3n de Datos Personales (\u201cLey\u201d) y su Reglamento, aprobado mediante Decreto Supremo No. 003-2013-JUS, el usuario declara que al facilitar sus datos en este sitio web est\u00e1 otorgando consentimiento expreso, consiente y voluntario a MEDIA PRAXIS S.A.C. (en [&hellip;]\" \/>\n<meta property=\"og:url\" content=\"https:\/\/mediapraxis.net\/en\/politica-privacidad\/\" \/>\n<meta property=\"og:site_name\" content=\"Media Praxis\" \/>\n<meta property=\"article:modified_time\" content=\"2023-09-13T22:06:30+00:00\" \/>\n<meta name=\"twitter:card\" content=\"summary_large_image\" \/>\n<meta name=\"twitter:label1\" content=\"Est. reading time\" \/>\n\t<meta name=\"twitter:data1\" content=\"4 minutes\" \/>\n<script type=\"application\/ld+json\" class=\"yoast-schema-graph\">{\"@context\":\"https:\/\/schema.org\",\"@graph\":[{\"@type\":\"WebPage\",\"@id\":\"https:\/\/mediapraxis.net\/politica-privacidad\/\",\"url\":\"https:\/\/mediapraxis.net\/politica-privacidad\/\",\"name\":\"Pol\u00edtica de Privacidad - Media Praxis\",\"isPartOf\":{\"@id\":\"https:\/\/mediapraxis.net\/#website\"},\"datePublished\":\"2022-03-28T18:46:08+00:00\",\"dateModified\":\"2023-09-13T22:06:30+00:00\",\"breadcrumb\":{\"@id\":\"https:\/\/mediapraxis.net\/politica-privacidad\/#breadcrumb\"},\"inLanguage\":\"en-US\",\"potentialAction\":[{\"@type\":\"ReadAction\",\"target\":[\"https:\/\/mediapraxis.net\/politica-privacidad\/\"]}]},{\"@type\":\"BreadcrumbList\",\"@id\":\"https:\/\/mediapraxis.net\/politica-privacidad\/#breadcrumb\",\"itemListElement\":[{\"@type\":\"ListItem\",\"position\":1,\"name\":\"Portada\",\"item\":\"https:\/\/mediapraxis.net\/\"},{\"@type\":\"ListItem\",\"position\":2,\"name\":\"Pol\u00edtica de Privacidad\"}]},{\"@type\":\"WebSite\",\"@id\":\"https:\/\/mediapraxis.net\/#website\",\"url\":\"https:\/\/mediapraxis.net\/\",\"name\":\"Media Praxis\",\"description\":\"Comunicaci\u00f3n digital, reputaci\u00f3n online, identidad visual y PR\",\"potentialAction\":[{\"@type\":\"SearchAction\",\"target\":{\"@type\":\"EntryPoint\",\"urlTemplate\":\"https:\/\/mediapraxis.net\/?s={search_term_string}\"},\"query-input\":\"required name=search_term_string\"}],\"inLanguage\":\"en-US\"}]}<\/script>\n<!-- \/ Yoast SEO plugin. -->","yoast_head_json":{"title":"Pol\u00edtica de Privacidad - Media Praxis","robots":{"index":"noindex","follow":"follow"},"og_locale":"en_US","og_type":"article","og_title":"Pol\u00edtica de Privacidad - Media Praxis","og_description":"POL\u00cdTICA DE PROTECCI\u00d3N Y USO DE DATOS PERSONALES De conformidad con la Ley No. 29733, Ley de Protecci\u00f3n de Datos Personales (\u201cLey\u201d) y su Reglamento, aprobado mediante Decreto Supremo No. 003-2013-JUS, el usuario declara que al facilitar sus datos en este sitio web est\u00e1 otorgando consentimiento expreso, consiente y voluntario a MEDIA PRAXIS S.A.C. (en [&hellip;]","og_url":"https:\/\/mediapraxis.net\/en\/politica-privacidad\/","og_site_name":"Media Praxis","article_modified_time":"2023-09-13T22:06:30+00:00","twitter_card":"summary_large_image","twitter_misc":{"Est. reading time":"4 minutes"},"schema":{"@context":"https:\/\/schema.org","@graph":[{"@type":"WebPage","@id":"https:\/\/mediapraxis.net\/politica-privacidad\/","url":"https:\/\/mediapraxis.net\/politica-privacidad\/","name":"Pol\u00edtica de Privacidad - Media Praxis","isPartOf":{"@id":"https:\/\/mediapraxis.net\/#website"},"datePublished":"2022-03-28T18:46:08+00:00","dateModified":"2023-09-13T22:06:30+00:00","breadcrumb":{"@id":"https:\/\/mediapraxis.net\/politica-privacidad\/#breadcrumb"},"inLanguage":"en-US","potentialAction":[{"@type":"ReadAction","target":["https:\/\/mediapraxis.net\/politica-privacidad\/"]}]},{"@type":"BreadcrumbList","@id":"https:\/\/mediapraxis.net\/politica-privacidad\/#breadcrumb","itemListElement":[{"@type":"ListItem","position":1,"name":"Portada","item":"https:\/\/mediapraxis.net\/"},{"@type":"ListItem","position":2,"name":"Pol\u00edtica de Privacidad"}]},{"@type":"WebSite","@id":"https:\/\/mediapraxis.net\/#website","url":"https:\/\/mediapraxis.net\/","name":"Media Praxis","description":"Comunicaci\u00f3n digital, reputaci\u00f3n online, identidad visual y PR","potentialAction":[{"@type":"SearchAction","target":{"@type":"EntryPoint","urlTemplate":"https:\/\/mediapraxis.net\/?s={search_term_string}"},"query-input":"required name=search_term_string"}],"inLanguage":"en-US"}]}},"_links":{"self":[{"href":"https:\/\/mediapraxis.net\/en\/wp-json\/wp\/v2\/pages\/3","targetHints":{"allow":["GET"]}}],"collection":[{"href":"https:\/\/mediapraxis.net\/en\/wp-json\/wp\/v2\/pages"}],"about":[{"href":"https:\/\/mediapraxis.net\/en\/wp-json\/wp\/v2\/types\/page"}],"author":[{"embeddable":true,"href":"https:\/\/mediapraxis.net\/en\/wp-json\/wp\/v2\/users\/1"}],"replies":[{"embeddable":true,"href":"https:\/\/mediapraxis.net\/en\/wp-json\/wp\/v2\/comments?post=3"}],"version-history":[{"count":7,"href":"https:\/\/mediapraxis.net\/en\/wp-json\/wp\/v2\/pages\/3\/revisions"}],"predecessor-version":[{"id":6174,"href":"https:\/\/mediapraxis.net\/en\/wp-json\/wp\/v2\/pages\/3\/revisions\/6174"}],"wp:attachment":[{"href":"https:\/\/mediapraxis.net\/en\/wp-json\/wp\/v2\/media?parent=3"}],"curies":[{"name":"wp","href":"https:\/\/api.w.org\/{rel}","templated":true}]}}