{"id":116,"date":"2020-02-18T12:45:50","date_gmt":"2020-02-18T12:45:50","guid":{"rendered":"https:\/\/querida.qodeinteractive.com\/?page_id=116"},"modified":"2020-02-18T12:45:50","modified_gmt":"2020-02-18T12:45:50","slug":"right-sidebar","status":"publish","type":"page","link":"https:\/\/mediapraxis.net\/en\/right-sidebar\/","title":{"rendered":"Right sidebar"},"content":{"rendered":"<div data-elementor-type=\"wp-page\" data-elementor-id=\"116\" class=\"elementor elementor-116\">\n\t\t\t\t\t\t\t\t\t<section class=\"elementor-section elementor-top-section elementor-element elementor-element-324de25 elementor-section-boxed elementor-section-height-default elementor-section-height-default qodef-elementor-content-no\" data-id=\"324de25\" data-element_type=\"section\">\n\t\t\t\t\t\t<div class=\"elementor-container elementor-column-gap-default\">\n\t\t\t\t\t<div class=\"elementor-column elementor-col-100 elementor-top-column elementor-element elementor-element-b9835c7\" data-id=\"b9835c7\" data-element_type=\"column\">\n\t\t\t<div class=\"elementor-widget-wrap elementor-element-populated\">\n\t\t\t\t\t\t\t\t<div class=\"elementor-element elementor-element-ee35d0a elementor-widget elementor-widget-querida_core_blog_list\" data-id=\"ee35d0a\" data-element_type=\"widget\" data-widget_type=\"querida_core_blog_list.default\">\n\t\t\t\t<div class=\"elementor-widget-container\">\n\t\t\t<div class=\"qodef-shortcode qodef-m  qodef-blog qodef--list qodef-item-layout--standard qodef-grid qodef-layout--columns  qodef-gutter--normal qodef-col-num--1 qodef-item-layout--standard qodef-pagination--on qodef-pagination-type--standard qodef-responsive--predefined\" data-options=\"{&quot;plugin&quot;:&quot;querida_core&quot;,&quot;module&quot;:&quot;blog\\\/shortcodes&quot;,&quot;shortcode&quot;:&quot;blog-list&quot;,&quot;post_type&quot;:&quot;post&quot;,&quot;next_page&quot;:&quot;2&quot;,&quot;max_pages_num&quot;:3,&quot;behavior&quot;:&quot;columns&quot;,&quot;images_proportion&quot;:&quot;full&quot;,&quot;columns&quot;:&quot;1&quot;,&quot;columns_responsive&quot;:&quot;predefined&quot;,&quot;space&quot;:&quot;normal&quot;,&quot;posts_per_page&quot;:&quot;5&quot;,&quot;orderby&quot;:&quot;date&quot;,&quot;order&quot;:&quot;ASC&quot;,&quot;layout&quot;:&quot;standard&quot;,&quot;title_tag&quot;:&quot;h2&quot;,&quot;excerpt_length&quot;:&quot;500&quot;,&quot;pagination_type&quot;:&quot;standard&quot;,&quot;object_class_name&quot;:&quot;QueridaCoreBlogListShortcode&quot;,&quot;taxonomy_filter&quot;:&quot;category&quot;,&quot;space_value&quot;:15}\">\n\t\t<div class=\"qodef-grid-inner clear\">\n\t\t<article class=\"qodef-e qodef-grid-item qodef-item--full post-4821 post type-post status-publish format-standard has-post-thumbnail hentry category-blog\">\n\t<div class=\"qodef-e-inner\">\n\t\t<div class=\"qodef-e-media\">\n\t\t<div class=\"qodef-e-media-image\">\n\t\t\t\t\t<a itemprop=\"url\" href=\"https:\/\/mediapraxis.net\/en\/videos-y-otras-tendencias-de-marketing-para-redes-sociales-2019\/\">\n\t\t\t\t\t<img loading=\"lazy\" decoding=\"async\" width=\"960\" height=\"560\" src=\"https:\/\/mediapraxis.net\/wp-content\/uploads\/2020\/07\/blog_17JUL2019.jpg\" class=\"attachment-full size-full wp-post-image\" alt=\"Tendencias en Redes Sociales\" srcset=\"https:\/\/mediapraxis.net\/wp-content\/uploads\/2020\/07\/blog_17JUL2019.jpg 960w, https:\/\/mediapraxis.net\/wp-content\/uploads\/2020\/07\/blog_17JUL2019-300x175.jpg 300w, https:\/\/mediapraxis.net\/wp-content\/uploads\/2020\/07\/blog_17JUL2019-768x448.jpg 768w, https:\/\/mediapraxis.net\/wp-content\/uploads\/2020\/07\/blog_17JUL2019-18x12.jpg 18w\" sizes=\"auto, (max-width: 960px) 100vw, 960px\" \/>\t\t\t\t\t<\/a>\n\t\t\t\t\t<\/div>\n<\/div>\t\t<div class=\"qodef-e-content\">\n\t\t\t<div class=\"qodef-e-info qodef-info--top\">\n\t\t\t\t<div itemprop=\"dateCreated\" class=\"qodef-e-info-item qodef-e-info-date entry-date\">\n\t<a itemprop=\"url\" href=\"https:\/\/mediapraxis.net\/en\/2019\/07\/\">17 July, 2019<\/a>\n\t<meta itemprop=\"interactionCount\" content=\"UserComments: 0\"\/>\n<\/div><div class=\"qodef-e-info-item qodef-e-info-author\">\n\t<span class=\"qodef-e-info-author-label\">by<\/span>\n\t<a itemprop=\"author\" class=\"qodef-e-info-author-link\" href=\"https:\/\/mediapraxis.net\/en\/author\/mediapraxis\/\">\n\t\t@MediaPraxis\t<\/a>\n<\/div><div class=\"qodef-e-info-item qodef-e-info-category\">\n\t<a href=\"https:\/\/mediapraxis.net\/en\/category\/blog\/\" rel=\"category tag\">Blog<\/a><\/div>\t\t\t<\/div>\n\t\t\t<div class=\"qodef-e-text\">\n\t\t\t\t<h2 itemprop=\"name\" class=\"qodef-e-title entry-title\">\n\t\t\t<a itemprop=\"url\" class=\"qodef-e-title-link\" href=\"https:\/\/mediapraxis.net\/en\/videos-y-otras-tendencias-de-marketing-para-redes-sociales-2019\/\">\n\t\t\tVideos y otras tendencias de marketing para redes sociales 2019\t\t\t<\/a>\n\t<\/h2>\t\t<p itemprop=\"description\" class=\"qodef-e-excerpt\">\n\t\t\t#1 Los videos siguen en la tendencia Es una realidad, los usuarios prefieren consumir contenido a trav\u00e9s de videos. Aunque las fotograf\u00edas, post, gifs, son importantes, tenemos que incluir videos como una herramienta primordial. Lo bueno de incluir los videos es que estar\u00edas conectando con una audiencia m\u00e1s joven en su mayor\u00eda. Si tu p\u00fablico [&hellip;]\t\t<\/p>\n\t\t\t\t<\/div>\n\t\t\t<div class=\"qodef-e-info qodef-info--bottom\">\n\t\t\t\t<div class=\"qodef-e-info-left\">\n\t\t\t\t\t\t\t\t\t<\/div>\n\t\t\t<\/div>\n\t\t<\/div>\n\t<\/div>\n<\/article><article class=\"qodef-e qodef-grid-item qodef-item--full post-4816 post type-post status-publish format-standard has-post-thumbnail hentry category-blog\">\n\t<div class=\"qodef-e-inner\">\n\t\t<div class=\"qodef-e-media\">\n\t\t<div class=\"qodef-e-media-image\">\n\t\t\t\t\t<a itemprop=\"url\" href=\"https:\/\/mediapraxis.net\/en\/medidas-de-imagenes-para-las-redes-sociales\/\">\n\t\t\t\t\t<img loading=\"lazy\" decoding=\"async\" width=\"960\" height=\"560\" src=\"https:\/\/mediapraxis.net\/wp-content\/uploads\/2020\/07\/blog_20AGO2019.jpg\" class=\"attachment-full size-full wp-post-image\" alt=\"Medidas de Im\u00e1genes\" srcset=\"https:\/\/mediapraxis.net\/wp-content\/uploads\/2020\/07\/blog_20AGO2019.jpg 960w, https:\/\/mediapraxis.net\/wp-content\/uploads\/2020\/07\/blog_20AGO2019-300x175.jpg 300w, https:\/\/mediapraxis.net\/wp-content\/uploads\/2020\/07\/blog_20AGO2019-768x448.jpg 768w, https:\/\/mediapraxis.net\/wp-content\/uploads\/2020\/07\/blog_20AGO2019-18x12.jpg 18w\" sizes=\"auto, (max-width: 960px) 100vw, 960px\" \/>\t\t\t\t\t<\/a>\n\t\t\t\t\t<\/div>\n<\/div>\t\t<div class=\"qodef-e-content\">\n\t\t\t<div class=\"qodef-e-info qodef-info--top\">\n\t\t\t\t<div itemprop=\"dateCreated\" class=\"qodef-e-info-item qodef-e-info-date entry-date\">\n\t<a itemprop=\"url\" href=\"https:\/\/mediapraxis.net\/en\/2019\/08\/\">20 August, 2019<\/a>\n\t<meta itemprop=\"interactionCount\" content=\"UserComments: 0\"\/>\n<\/div><div class=\"qodef-e-info-item qodef-e-info-author\">\n\t<span class=\"qodef-e-info-author-label\">by<\/span>\n\t<a itemprop=\"author\" class=\"qodef-e-info-author-link\" href=\"https:\/\/mediapraxis.net\/en\/author\/mediapraxis\/\">\n\t\t@MediaPraxis\t<\/a>\n<\/div><div class=\"qodef-e-info-item qodef-e-info-category\">\n\t<a href=\"https:\/\/mediapraxis.net\/en\/category\/blog\/\" rel=\"category tag\">Blog<\/a><\/div>\t\t\t<\/div>\n\t\t\t<div class=\"qodef-e-text\">\n\t\t\t\t<h2 itemprop=\"name\" class=\"qodef-e-title entry-title\">\n\t\t\t<a itemprop=\"url\" class=\"qodef-e-title-link\" href=\"https:\/\/mediapraxis.net\/en\/medidas-de-imagenes-para-las-redes-sociales\/\">\n\t\t\tMedidas de im\u00e1genes para las redes sociales\t\t\t<\/a>\n\t<\/h2>\t\t<p itemprop=\"description\" class=\"qodef-e-excerpt\">\n\t\t\tTenemos para ti una gu\u00eda de las medidas principales de cada red social (tama\u00f1o m\u00e1ximo, peso y formato) te servir\u00e1 para que los gr\u00e1ficos siempre se vean bien y con alta calidad. Lo ideal es que las im\u00e1genes no se vean pixeladas o distorsionadas, puesto que un contenido con im\u00e1genes relevantes tiene un 94% m\u00e1s [&hellip;]\t\t<\/p>\n\t\t\t\t<\/div>\n\t\t\t<div class=\"qodef-e-info qodef-info--bottom\">\n\t\t\t\t<div class=\"qodef-e-info-left\">\n\t\t\t\t\t\t\t\t\t<\/div>\n\t\t\t<\/div>\n\t\t<\/div>\n\t<\/div>\n<\/article><article class=\"qodef-e qodef-grid-item qodef-item--full post-4811 post type-post status-publish format-standard has-post-thumbnail hentry category-blog\">\n\t<div class=\"qodef-e-inner\">\n\t\t<div class=\"qodef-e-media\">\n\t\t<div class=\"qodef-e-media-image\">\n\t\t\t\t\t<a itemprop=\"url\" href=\"https:\/\/mediapraxis.net\/en\/marketing-de-influencia-todo-lo-que-debes-saber\/\">\n\t\t\t\t\t<img loading=\"lazy\" decoding=\"async\" width=\"960\" height=\"560\" src=\"https:\/\/mediapraxis.net\/wp-content\/uploads\/2020\/07\/blog_1OCT2019.jpg\" class=\"attachment-full size-full wp-post-image\" alt=\"Marketing de Influencia\" srcset=\"https:\/\/mediapraxis.net\/wp-content\/uploads\/2020\/07\/blog_1OCT2019.jpg 960w, https:\/\/mediapraxis.net\/wp-content\/uploads\/2020\/07\/blog_1OCT2019-300x175.jpg 300w, https:\/\/mediapraxis.net\/wp-content\/uploads\/2020\/07\/blog_1OCT2019-768x448.jpg 768w, https:\/\/mediapraxis.net\/wp-content\/uploads\/2020\/07\/blog_1OCT2019-18x12.jpg 18w\" sizes=\"auto, (max-width: 960px) 100vw, 960px\" \/>\t\t\t\t\t<\/a>\n\t\t\t\t\t<\/div>\n<\/div>\t\t<div class=\"qodef-e-content\">\n\t\t\t<div class=\"qodef-e-info qodef-info--top\">\n\t\t\t\t<div itemprop=\"dateCreated\" class=\"qodef-e-info-item qodef-e-info-date entry-date\">\n\t<a itemprop=\"url\" href=\"https:\/\/mediapraxis.net\/en\/2019\/10\/\">1 October, 2019<\/a>\n\t<meta itemprop=\"interactionCount\" content=\"UserComments: 0\"\/>\n<\/div><div class=\"qodef-e-info-item qodef-e-info-author\">\n\t<span class=\"qodef-e-info-author-label\">by<\/span>\n\t<a itemprop=\"author\" class=\"qodef-e-info-author-link\" href=\"https:\/\/mediapraxis.net\/en\/author\/mediapraxis\/\">\n\t\t@MediaPraxis\t<\/a>\n<\/div><div class=\"qodef-e-info-item qodef-e-info-category\">\n\t<a href=\"https:\/\/mediapraxis.net\/en\/category\/blog\/\" rel=\"category tag\">Blog<\/a><\/div>\t\t\t<\/div>\n\t\t\t<div class=\"qodef-e-text\">\n\t\t\t\t<h2 itemprop=\"name\" class=\"qodef-e-title entry-title\">\n\t\t\t<a itemprop=\"url\" class=\"qodef-e-title-link\" href=\"https:\/\/mediapraxis.net\/en\/marketing-de-influencia-todo-lo-que-debes-saber\/\">\n\t\t\tMarketing de influencia: Todo lo que debes saber\t\t\t<\/a>\n\t<\/h2>\t\t<p itemprop=\"description\" class=\"qodef-e-excerpt\">\n\t\t\tTrabajar en colaboraci\u00f3n con influencers requiere de un an\u00e1lisis objetivo y de largo plazo para que realmente logre beneficiar tu marca. Esto es marketing de influencia. La mayor\u00eda de las empresas han optado por trabajar con personas influyentes en su rubro para generar m\u00e1s alcance y llegar con \u00e9xito a su p\u00fablico objetivo. Esta tendencia, [&hellip;]\t\t<\/p>\n\t\t\t\t<\/div>\n\t\t\t<div class=\"qodef-e-info qodef-info--bottom\">\n\t\t\t\t<div class=\"qodef-e-info-left\">\n\t\t\t\t\t\t\t\t\t<\/div>\n\t\t\t<\/div>\n\t\t<\/div>\n\t<\/div>\n<\/article><article class=\"qodef-e qodef-grid-item qodef-item--full post-4806 post type-post status-publish format-standard has-post-thumbnail hentry category-blog\">\n\t<div class=\"qodef-e-inner\">\n\t\t<div class=\"qodef-e-media\">\n\t\t<div class=\"qodef-e-media-image\">\n\t\t\t\t\t<a itemprop=\"url\" href=\"https:\/\/mediapraxis.net\/en\/hashtags-como-usarlos-eficientemente-en-redes-sociales\/\">\n\t\t\t\t\t<img loading=\"lazy\" decoding=\"async\" width=\"960\" height=\"560\" src=\"https:\/\/mediapraxis.net\/wp-content\/uploads\/2020\/07\/blog_28NOV2019.jpg\" class=\"attachment-full size-full wp-post-image\" alt=\"Hashtags: C\u00f3mo usarlos en redes sociales\" srcset=\"https:\/\/mediapraxis.net\/wp-content\/uploads\/2020\/07\/blog_28NOV2019.jpg 960w, https:\/\/mediapraxis.net\/wp-content\/uploads\/2020\/07\/blog_28NOV2019-300x175.jpg 300w, https:\/\/mediapraxis.net\/wp-content\/uploads\/2020\/07\/blog_28NOV2019-768x448.jpg 768w, https:\/\/mediapraxis.net\/wp-content\/uploads\/2020\/07\/blog_28NOV2019-18x12.jpg 18w\" sizes=\"auto, (max-width: 960px) 100vw, 960px\" \/>\t\t\t\t\t<\/a>\n\t\t\t\t\t<\/div>\n<\/div>\t\t<div class=\"qodef-e-content\">\n\t\t\t<div class=\"qodef-e-info qodef-info--top\">\n\t\t\t\t<div itemprop=\"dateCreated\" class=\"qodef-e-info-item qodef-e-info-date entry-date\">\n\t<a itemprop=\"url\" href=\"https:\/\/mediapraxis.net\/en\/2019\/11\/\">28 November, 2019<\/a>\n\t<meta itemprop=\"interactionCount\" content=\"UserComments: 0\"\/>\n<\/div><div class=\"qodef-e-info-item qodef-e-info-author\">\n\t<span class=\"qodef-e-info-author-label\">by<\/span>\n\t<a itemprop=\"author\" class=\"qodef-e-info-author-link\" href=\"https:\/\/mediapraxis.net\/en\/author\/mediapraxis\/\">\n\t\t@MediaPraxis\t<\/a>\n<\/div><div class=\"qodef-e-info-item qodef-e-info-category\">\n\t<a href=\"https:\/\/mediapraxis.net\/en\/category\/blog\/\" rel=\"category tag\">Blog<\/a><\/div>\t\t\t<\/div>\n\t\t\t<div class=\"qodef-e-text\">\n\t\t\t\t<h2 itemprop=\"name\" class=\"qodef-e-title entry-title\">\n\t\t\t<a itemprop=\"url\" class=\"qodef-e-title-link\" href=\"https:\/\/mediapraxis.net\/en\/hashtags-como-usarlos-eficientemente-en-redes-sociales\/\">\n\t\t\tHashtags: C\u00f3mo usarlos eficientemente en redes sociales\t\t\t<\/a>\n\t<\/h2>\t\t<p itemprop=\"description\" class=\"qodef-e-excerpt\">\n\t\t\tEl hashtag se ha convertido en una herramienta fundamental para la generaci\u00f3n de contenido y la interacci\u00f3n de los usuarios con las marcas. Todos los d\u00edas, los que usamos redes sociales, somos bombardeados con los famosos y tan de moda \u201chashtags\u201d, tambi\u00e9n conocidos como etiquetas, y aunque su uso se haya incrementado y parezcan muy [&hellip;]\t\t<\/p>\n\t\t\t\t<\/div>\n\t\t\t<div class=\"qodef-e-info qodef-info--bottom\">\n\t\t\t\t<div class=\"qodef-e-info-left\">\n\t\t\t\t\t\t\t\t\t<\/div>\n\t\t\t<\/div>\n\t\t<\/div>\n\t<\/div>\n<\/article><article class=\"qodef-e qodef-grid-item qodef-item--full post-4798 post type-post status-publish format-standard has-post-thumbnail hentry category-blog\">\n\t<div class=\"qodef-e-inner\">\n\t\t<div class=\"qodef-e-media\">\n\t\t<div class=\"qodef-e-media-image\">\n\t\t\t\t\t<a itemprop=\"url\" href=\"https:\/\/mediapraxis.net\/en\/marketing-de-memes\/\">\n\t\t\t\t\t<img loading=\"lazy\" decoding=\"async\" width=\"960\" height=\"560\" src=\"https:\/\/mediapraxis.net\/wp-content\/uploads\/2020\/07\/blog_31ENE2020.jpg\" class=\"attachment-full size-full wp-post-image\" alt=\"Marketing de Memes\" srcset=\"https:\/\/mediapraxis.net\/wp-content\/uploads\/2020\/07\/blog_31ENE2020.jpg 960w, https:\/\/mediapraxis.net\/wp-content\/uploads\/2020\/07\/blog_31ENE2020-300x175.jpg 300w, https:\/\/mediapraxis.net\/wp-content\/uploads\/2020\/07\/blog_31ENE2020-768x448.jpg 768w, https:\/\/mediapraxis.net\/wp-content\/uploads\/2020\/07\/blog_31ENE2020-18x12.jpg 18w\" sizes=\"auto, (max-width: 960px) 100vw, 960px\" \/>\t\t\t\t\t<\/a>\n\t\t\t\t\t<\/div>\n<\/div>\t\t<div class=\"qodef-e-content\">\n\t\t\t<div class=\"qodef-e-info qodef-info--top\">\n\t\t\t\t<div itemprop=\"dateCreated\" class=\"qodef-e-info-item qodef-e-info-date entry-date\">\n\t<a itemprop=\"url\" href=\"https:\/\/mediapraxis.net\/en\/2020\/01\/\">31 January, 2020<\/a>\n\t<meta itemprop=\"interactionCount\" content=\"UserComments: 0\"\/>\n<\/div><div class=\"qodef-e-info-item qodef-e-info-author\">\n\t<span class=\"qodef-e-info-author-label\">by<\/span>\n\t<a itemprop=\"author\" class=\"qodef-e-info-author-link\" href=\"https:\/\/mediapraxis.net\/en\/author\/mediapraxis\/\">\n\t\t@MediaPraxis\t<\/a>\n<\/div><div class=\"qodef-e-info-item qodef-e-info-category\">\n\t<a href=\"https:\/\/mediapraxis.net\/en\/category\/blog\/\" rel=\"category tag\">Blog<\/a><\/div>\t\t\t<\/div>\n\t\t\t<div class=\"qodef-e-text\">\n\t\t\t\t<h2 itemprop=\"name\" class=\"qodef-e-title entry-title\">\n\t\t\t<a itemprop=\"url\" class=\"qodef-e-title-link\" href=\"https:\/\/mediapraxis.net\/en\/marketing-de-memes\/\">\n\t\t\tMarketing de memes: \u00bfes valioso para tu marca?\t\t\t<\/a>\n\t<\/h2>\t\t<p itemprop=\"description\" class=\"qodef-e-excerpt\">\n\t\t\tLas audiencias buscan contenido que se alinee con la forma en que usan la plataforma, y \u200b\u200ba menudo, eso quiere decir: memes. \u00bfEso significa que tu marca deber\u00eda incorporar memes en la estrategia de redes sociales? La respuesta depende de tu audiencia y la voz de tu marca. Por ejemplo, Millennials y Generaci\u00f3n Z son [&hellip;]\t\t<\/p>\n\t\t\t\t<\/div>\n\t\t\t<div class=\"qodef-e-info qodef-info--bottom\">\n\t\t\t\t<div class=\"qodef-e-info-left\">\n\t\t\t\t\t\t\t\t\t<\/div>\n\t\t\t<\/div>\n\t\t<\/div>\n\t<\/div>\n<\/article>\t<\/div>\n\t\t<div class=\"qodef-m-pagination qodef--standard\">\n\t\t<div class=\"qodef-m-pagination-inner\">\n\t\t\t<nav class=\"qodef-m-pagination-items\" role=\"navigation\">\n\t\t\t\t<div class=\"qodef-m-pagination-item qodef--prev\">\n\t\t\t\t\t<a href=\"#\" data-paged=\"1\">\n\t\t\t\t\t\t<span class=\"qodef-icon-font-awesome fas fa-chevron-left\" ><\/span>\t\t\t\t\t<\/a>\n\t\t\t\t<\/div>\n\t\t\t\t\t\t\t\t\t<div class=\"qodef-m-pagination-item qodef--number qodef--number-1 qodef--active\">\n\t\t\t\t\t\t<a href=\"#\" data-paged=\"1\"> 1<\/a>\n\t\t\t\t\t<\/div>\n\t\t\t\t\t\t\t\t\t<div class=\"qodef-m-pagination-item qodef--number qodef--number-2\">\n\t\t\t\t\t\t<a href=\"#\" data-paged=\"2\"> 2<\/a>\n\t\t\t\t\t<\/div>\n\t\t\t\t\t\t\t\t\t<div class=\"qodef-m-pagination-item qodef--number qodef--number-3\">\n\t\t\t\t\t\t<a href=\"#\" data-paged=\"3\"> 3<\/a>\n\t\t\t\t\t<\/div>\n\t\t\t\t\t\t\t\t<div class=\"qodef-m-pagination-item qodef--next\">\n\t\t\t\t\t<a href=\"#\" data-paged=\"2\">\n\t\t\t\t\t\t<span class=\"qodef-icon-font-awesome fas fa-chevron-right\" ><\/span>\t\t\t\t\t<\/a>\n\t\t\t\t<\/div>\n\t\t\t<\/nav>\n\t\t<\/div>\n\t<\/div>\n<\/div>\t\t<\/div>\n\t\t\t\t<\/div>\n\t\t\t\t\t<\/div>\n\t\t<\/div>\n\t\t\t\t\t\t\t<\/div>\n\t\t<\/section>\n\t\t\t\t\t\t\t<\/div>","protected":false},"excerpt":{"rendered":"<p>01\/02\/2020 by Angelina Pester Travel Explore Mexican architecture Proin gravida nibh vel velit auctor aliquet. Aenean sollicitudin, lorem quis bibendum auctor, nisi elit consequat ipsum, nec sagittis ultri dolor sit amet, consectetur adipiscing elit. In ut ullamcorper leo, eget euismod orci. Cum sociis natoque penatibus et magnis parturiect montes, nascetur ridiculus mus. Vestibulum ultricies aliquam [&hellip;]<\/p>","protected":false},"author":1,"featured_media":0,"parent":0,"menu_order":0,"comment_status":"closed","ping_status":"closed","template":"","meta":{"_mi_skip_tracking":false,"_monsterinsights_sitenote_active":false,"_monsterinsights_sitenote_note":"","_monsterinsights_sitenote_category":0,"_joinchat":[],"footnotes":""},"class_list":["post-116","page","type-page","status-publish","hentry"],"yoast_head":"<!-- This site is optimized with the Yoast SEO plugin v21.1 - https:\/\/yoast.com\/wordpress\/plugins\/seo\/ -->\n<title>Right sidebar - Media Praxis<\/title>\n<meta name=\"robots\" content=\"index, follow, max-snippet:-1, max-image-preview:large, max-video-preview:-1\" \/>\n<link rel=\"canonical\" href=\"https:\/\/mediapraxis.net\/en\/right-sidebar\/\" \/>\n<meta property=\"og:locale\" content=\"en_US\" \/>\n<meta property=\"og:type\" content=\"article\" \/>\n<meta property=\"og:title\" content=\"Right sidebar - Media Praxis\" \/>\n<meta property=\"og:description\" content=\"01\/02\/2020 by Angelina Pester Travel Explore Mexican architecture Proin gravida nibh vel velit auctor aliquet. Aenean sollicitudin, lorem quis bibendum auctor, nisi elit consequat ipsum, nec sagittis ultri dolor sit amet, consectetur adipiscing elit. In ut ullamcorper leo, eget euismod orci. Cum sociis natoque penatibus et magnis parturiect montes, nascetur ridiculus mus. Vestibulum ultricies aliquam [&hellip;]\" \/>\n<meta property=\"og:url\" content=\"https:\/\/mediapraxis.net\/en\/right-sidebar\/\" \/>\n<meta property=\"og:site_name\" content=\"Media Praxis\" \/>\n<meta property=\"og:image\" content=\"https:\/\/querida.qodeinteractive.com\/wp-content\/uploads\/2020\/02\/blog-list-img-01.jpg\" \/>\n<meta name=\"twitter:card\" content=\"summary_large_image\" \/>\n<meta name=\"twitter:label1\" content=\"Est. reading time\" \/>\n\t<meta name=\"twitter:data1\" content=\"1 minute\" \/>\n<script type=\"application\/ld+json\" class=\"yoast-schema-graph\">{\"@context\":\"https:\/\/schema.org\",\"@graph\":[{\"@type\":\"WebPage\",\"@id\":\"https:\/\/mediapraxis.net\/right-sidebar\/\",\"url\":\"https:\/\/mediapraxis.net\/right-sidebar\/\",\"name\":\"Right sidebar - Media Praxis\",\"isPartOf\":{\"@id\":\"https:\/\/mediapraxis.net\/#website\"},\"datePublished\":\"2020-02-18T12:45:50+00:00\",\"dateModified\":\"2020-02-18T12:45:50+00:00\",\"breadcrumb\":{\"@id\":\"https:\/\/mediapraxis.net\/right-sidebar\/#breadcrumb\"},\"inLanguage\":\"en-US\",\"potentialAction\":[{\"@type\":\"ReadAction\",\"target\":[\"https:\/\/mediapraxis.net\/right-sidebar\/\"]}]},{\"@type\":\"BreadcrumbList\",\"@id\":\"https:\/\/mediapraxis.net\/right-sidebar\/#breadcrumb\",\"itemListElement\":[{\"@type\":\"ListItem\",\"position\":1,\"name\":\"Portada\",\"item\":\"https:\/\/mediapraxis.net\/\"},{\"@type\":\"ListItem\",\"position\":2,\"name\":\"Right sidebar\"}]},{\"@type\":\"WebSite\",\"@id\":\"https:\/\/mediapraxis.net\/#website\",\"url\":\"https:\/\/mediapraxis.net\/\",\"name\":\"Media Praxis\",\"description\":\"Comunicaci\u00f3n digital, reputaci\u00f3n online, identidad visual y PR\",\"potentialAction\":[{\"@type\":\"SearchAction\",\"target\":{\"@type\":\"EntryPoint\",\"urlTemplate\":\"https:\/\/mediapraxis.net\/?s={search_term_string}\"},\"query-input\":\"required name=search_term_string\"}],\"inLanguage\":\"en-US\"}]}<\/script>\n<!-- \/ Yoast SEO plugin. -->","yoast_head_json":{"title":"Right sidebar - Media Praxis","robots":{"index":"index","follow":"follow","max-snippet":"max-snippet:-1","max-image-preview":"max-image-preview:large","max-video-preview":"max-video-preview:-1"},"canonical":"https:\/\/mediapraxis.net\/en\/right-sidebar\/","og_locale":"en_US","og_type":"article","og_title":"Right sidebar - Media Praxis","og_description":"01\/02\/2020 by Angelina Pester Travel Explore Mexican architecture Proin gravida nibh vel velit auctor aliquet. Aenean sollicitudin, lorem quis bibendum auctor, nisi elit consequat ipsum, nec sagittis ultri dolor sit amet, consectetur adipiscing elit. In ut ullamcorper leo, eget euismod orci. Cum sociis natoque penatibus et magnis parturiect montes, nascetur ridiculus mus. Vestibulum ultricies aliquam [&hellip;]","og_url":"https:\/\/mediapraxis.net\/en\/right-sidebar\/","og_site_name":"Media Praxis","og_image":[{"url":"https:\/\/querida.qodeinteractive.com\/wp-content\/uploads\/2020\/02\/blog-list-img-01.jpg"}],"twitter_card":"summary_large_image","twitter_misc":{"Est. reading time":"1 minute"},"schema":{"@context":"https:\/\/schema.org","@graph":[{"@type":"WebPage","@id":"https:\/\/mediapraxis.net\/right-sidebar\/","url":"https:\/\/mediapraxis.net\/right-sidebar\/","name":"Right sidebar - Media Praxis","isPartOf":{"@id":"https:\/\/mediapraxis.net\/#website"},"datePublished":"2020-02-18T12:45:50+00:00","dateModified":"2020-02-18T12:45:50+00:00","breadcrumb":{"@id":"https:\/\/mediapraxis.net\/right-sidebar\/#breadcrumb"},"inLanguage":"en-US","potentialAction":[{"@type":"ReadAction","target":["https:\/\/mediapraxis.net\/right-sidebar\/"]}]},{"@type":"BreadcrumbList","@id":"https:\/\/mediapraxis.net\/right-sidebar\/#breadcrumb","itemListElement":[{"@type":"ListItem","position":1,"name":"Portada","item":"https:\/\/mediapraxis.net\/"},{"@type":"ListItem","position":2,"name":"Right sidebar"}]},{"@type":"WebSite","@id":"https:\/\/mediapraxis.net\/#website","url":"https:\/\/mediapraxis.net\/","name":"Media Praxis","description":"Comunicaci\u00f3n digital, reputaci\u00f3n online, identidad visual y PR","potentialAction":[{"@type":"SearchAction","target":{"@type":"EntryPoint","urlTemplate":"https:\/\/mediapraxis.net\/?s={search_term_string}"},"query-input":"required name=search_term_string"}],"inLanguage":"en-US"}]}},"_links":{"self":[{"href":"https:\/\/mediapraxis.net\/en\/wp-json\/wp\/v2\/pages\/116","targetHints":{"allow":["GET"]}}],"collection":[{"href":"https:\/\/mediapraxis.net\/en\/wp-json\/wp\/v2\/pages"}],"about":[{"href":"https:\/\/mediapraxis.net\/en\/wp-json\/wp\/v2\/types\/page"}],"author":[{"embeddable":true,"href":"https:\/\/mediapraxis.net\/en\/wp-json\/wp\/v2\/users\/1"}],"replies":[{"embeddable":true,"href":"https:\/\/mediapraxis.net\/en\/wp-json\/wp\/v2\/comments?post=116"}],"version-history":[{"count":0,"href":"https:\/\/mediapraxis.net\/en\/wp-json\/wp\/v2\/pages\/116\/revisions"}],"wp:attachment":[{"href":"https:\/\/mediapraxis.net\/en\/wp-json\/wp\/v2\/media?parent=116"}],"curies":[{"name":"wp","href":"https:\/\/api.w.org\/{rel}","templated":true}]}}